{"id":14166,"date":"2025-02-27T12:21:46","date_gmt":"2025-02-27T11:21:46","guid":{"rendered":"https:\/\/www.tennispassionzone.com\/?page_id=14166"},"modified":"2026-03-25T11:05:42","modified_gmt":"2026-03-25T10:05:42","slug":"redazione","status":"publish","type":"page","link":"https:\/\/www.tennispassionzone.com\/it\/redazione\/","title":{"rendered":"Redazione Tennis Passion Zone"},"content":{"rendered":"\n<p><strong>Tennis Passion Zone<\/strong> nasce con l&#8217;obiettivo di offrire agli amanti del tennis una fonte di informazione affidabile, aggiornata e completa, capace di coprire lo sport a 360\u00b0 \u2014 dal circuito ATP al WTA, dai Grandi Slam alla Coppa Davis, dai protagonisti del presente alle leggende del passato.<\/p>\n\n\n\n<p>Il progetto editoriale si fonda su trasparenza e rigore: ogni notizia viene verificata, approfondita e raccontata con la stessa passione che spinge milioni di appassionati a seguire ogni ace, ogni break e ogni finale memorabile. Un occhio di riguardo \u00e8 riservato al tennis italiano, in un momento storico in cui i nostri campioni scalano le classifiche mondiali e tengono alto il tricolore sui campi di tutto il mondo.<\/p>\n\n\n\n<div class=\"wp-block-group is-style-superbaddons-card has-mono-4-background-color has-background is-vertical is-layout-flex wp-container-core-group-is-layout-fe9cc265 wp-block-group-is-layout-flex\">\n<div class=\"wp-block-group is-nowrap is-layout-flex wp-container-core-group-is-layout-6c531013 wp-block-group-is-layout-flex\"><div class=\"wp-block-avatar\"><a href=\"https:\/\/www.tennispassionzone.com\/it\/author\/lorenzo-topello\/\" target=\"_self\"  class=\"wp-block-avatar__link\"><img alt='Avatar Lorenzo Topello' src='https:\/\/secure.gravatar.com\/avatar\/1d216b5437e1102e7a882971bf9d14551a6877d2c77adc9a8a10706adf10bc22?s=60&#038;d=mm&#038;r=g' srcset='https:\/\/secure.gravatar.com\/avatar\/1d216b5437e1102e7a882971bf9d14551a6877d2c77adc9a8a10706adf10bc22?s=120&#038;d=mm&#038;r=g 2x' class='avatar avatar-60 photo wp-block-avatar__image' height='60' width='60'  style=\"border-radius:100px;border-width:2px;\"\/><\/a><\/div>\n\n\n<p><strong><a href=\"https:\/\/www.tennispassionzone.com\/author\/lore-topevirgilio-it\/\" type=\"link\" id=\"https:\/\/www.tennispassionzone.com\/author\/lore-topevirgilio-it\/\">Lorenzo Topello<\/a><\/strong> &#8211; Redattore<\/p>\n<\/div>\n\n\n\n<p><em><em>Appassionato da sempre di sport e scrittura, le ha unite fin dai banchi di scuola, mettendo la prima firma su un articolo edito all\u2019et\u00e0 di 16 anni. Un lungo percorso che lo porta a iscriversi all\u2019albo dei giornalisti nel 2024. Da oltre un decennio collaboratore per settimanali e quotidiani di calcio dilettantistico, vince la Borsa Giavazzi-Redaelli nel 2022 ottenendo prima uno stage e poi una proficua collaborazione con La Gazzetta dello Sport che lo porta a scrivere di calcio internazionale, Serie A, Serie B e Nazionali, oltre a far parte dall\u2019autunno 2024 della rubrica tennis. Speaker e telecronista di numerose gare ufficiali nelle ultime sei stagioni per la Lega Nazionale Dilettanti, si laurea prima alla scuola triennale di Scienze Politiche di Firenze (indirizzo comunicazione), poi alla magistrale in Strategie della Comunicazione Pubblica e Politica. In entrambe le scuole discute una tesi finale sul rapporto fra calcio, politica e comunicazione: l\u2019elaborato magistrale, dedicato alla storia politica del calcio argentino e brasiliano, vince la prima edizione del Premio Mario Sconcerti, prestigioso riconoscimento assegnato dall\u2019Universit\u00e0 di Firenze con il Museo del Calcio di Coverciano.<\/em><\/em><\/p>\n<\/div>\n\n\n\n<div class=\"wp-block-group is-style-superbaddons-card has-mono-4-background-color has-background is-vertical is-layout-flex wp-container-core-group-is-layout-fe9cc265 wp-block-group-is-layout-flex\">\n<div class=\"wp-block-group is-nowrap is-layout-flex wp-container-core-group-is-layout-6c531013 wp-block-group-is-layout-flex\"><div class=\"wp-block-avatar\"><a href=\"https:\/\/www.tennispassionzone.com\/it\/author\/matteo-gentili\/\" target=\"_self\"  class=\"wp-block-avatar__link\"><img alt='Avatar Matteo Gentili' src='https:\/\/secure.gravatar.com\/avatar\/d5d530fb7f6b1abef80c31d1ac9dec0607352042d3052c93774e2fe19b26cab7?s=60&#038;d=mm&#038;r=g' srcset='https:\/\/secure.gravatar.com\/avatar\/d5d530fb7f6b1abef80c31d1ac9dec0607352042d3052c93774e2fe19b26cab7?s=120&#038;d=mm&#038;r=g 2x' class='avatar avatar-60 photo wp-block-avatar__image' height='60' width='60'  style=\"border-radius:100px;border-width:2px;\"\/><\/a><\/div>\n\n\n<p><strong><a href=\"https:\/\/www.tennispassionzone.com\/author\/matteo-gentili\/\" type=\"link\" id=\"https:\/\/www.tennispassionzone.com\/author\/matteo-gentili\/\">Matteo Gentili<\/a><\/strong> &#8211; Redattore<\/p>\n<\/div>\n\n\n\n<p><em><em>Giornalista professionista, nato in Toscana ma in viaggio a Milano. Laureato in Scienze della Comunicazione prima e in Editoria e Giornalismo poi, partendo da Siena e passando per Verona. Nel capoluogo lombardo ha svolto il Master in Giornalismo alla Walter Tobagi. Amante di tutti gli sport, ma specialmente di quelli che si giocano con una palla. Collabora con varie testate nazionali e si occupa di social media seguendo gli sport invernali ed estivi.<\/em><\/em><\/p>\n<\/div>\n\n\n\n<div class=\"wp-block-group is-style-superbaddons-card has-mono-4-background-color has-background is-vertical is-layout-flex wp-container-core-group-is-layout-fe9cc265 wp-block-group-is-layout-flex\">\n<div class=\"wp-block-group is-nowrap is-layout-flex wp-container-core-group-is-layout-6c531013 wp-block-group-is-layout-flex\"><div class=\"wp-block-avatar\"><a href=\"https:\/\/www.tennispassionzone.com\/it\/author\/oscar-maresca\/\" target=\"_self\"  class=\"wp-block-avatar__link\"><img alt='Avatar Oscar Maresca' src='https:\/\/secure.gravatar.com\/avatar\/3983576a5093a1624957a55035c2c9db8821ba91fd02780938fd4a696e6ea10e?s=60&#038;d=mm&#038;r=g' srcset='https:\/\/secure.gravatar.com\/avatar\/3983576a5093a1624957a55035c2c9db8821ba91fd02780938fd4a696e6ea10e?s=120&#038;d=mm&#038;r=g 2x' class='avatar avatar-60 photo wp-block-avatar__image' height='60' width='60'  style=\"border-radius:100px;border-width:2px;\"\/><\/a><\/div>\n\n\n<p><strong><a href=\"https:\/\/www.tennispassionzone.com\/author\/oscar-maresca98gmail-com\/\" type=\"link\" id=\"https:\/\/www.tennispassionzone.com\/author\/oscar-maresca98gmail-com\/\">Oscar Maresca<\/a><\/strong> &#8211; Redattore<\/p>\n<\/div>\n\n\n\n<p><em>Giornalista professionista dal 2024, appassionato di storie da sempre. Oscar Maresca ha iniziato a scrivere articoli sui banchi di scuola. A 19 anni ha conseguito il tesserino da pubblicista, dopo la laurea triennale in Scienze della Comunicazione all\u2019Universit\u00e0 di Salerno si \u00e8 trasferito a Milano per iniziare uno stage nella redazione de La Gazzetta dello Sport. Collabora con il pi\u00f9 importante quotidiano sportivo d\u2019Italia da giugno 2021. Nel frattempo ha concluso il Master in Giornalismo all\u2019Universit\u00e0 IULM di Milano. Per i risultati ottenuti nel lavoro ha ricevuto otto premi giornalistici, classificandosi al terzo posto al \u201cConi-Ussi 2024\u201d nella sezione U40.<\/em><\/p>\n<\/div>\n\n\n\n<p><\/p>\n","protected":false},"excerpt":{"rendered":"<p>Tennis Passion Zone nasce con l&#8217;obiettivo di offrire agli amanti del tennis una fonte di informazione affidabile, aggiornata e completa, capace di coprire lo sport a 360\u00b0 \u2014 dal circuito ATP al WTA, dai Grandi Slam alla Coppa Davis, dai protagonisti del presente alle leggende del passato. Il progetto editoriale si fonda su trasparenza e [&hellip;]<\/p>\n","protected":false},"author":3,"featured_media":0,"parent":0,"menu_order":0,"comment_status":"closed","ping_status":"closed","template":"","meta":{"footnotes":""},"class_list":["post-14166","page","type-page","status-publish","hentry"],"acf":[],"yoast_head":"<!-- This site is optimized with the Yoast SEO plugin v26.8 - https:\/\/yoast.com\/product\/yoast-seo-wordpress\/ -->\n<title>Redazione Tennis Passion Zone - Tennis Passion Zone<\/title>\n<meta name=\"robots\" content=\"index, follow, max-snippet:-1, max-image-preview:large, max-video-preview:-1\" \/>\n<link rel=\"canonical\" href=\"https:\/\/www.tennispassionzone.com\/it\/redazione\/\" \/>\n<meta property=\"og:locale\" content=\"it_IT\" \/>\n<meta property=\"og:type\" content=\"article\" \/>\n<meta property=\"og:title\" content=\"Redazione Tennis Passion Zone - Tennis Passion Zone\" \/>\n<meta property=\"og:description\" content=\"Tennis Passion Zone nasce con l&#8217;obiettivo di offrire agli amanti del tennis una fonte di informazione affidabile, aggiornata e completa, capace di coprire lo sport a 360\u00b0 \u2014 dal circuito ATP al WTA, dai Grandi Slam alla Coppa Davis, dai protagonisti del presente alle leggende del passato. Il progetto editoriale si fonda su trasparenza e [&hellip;]\" \/>\n<meta property=\"og:url\" content=\"https:\/\/www.tennispassionzone.com\/it\/redazione\/\" \/>\n<meta property=\"og:site_name\" content=\"Tennis Passion Zone\" \/>\n<meta property=\"article:modified_time\" content=\"2026-03-25T10:05:42+00:00\" \/>\n<meta name=\"twitter:card\" content=\"summary_large_image\" \/>\n<meta name=\"twitter:label1\" content=\"Tempo di lettura stimato\" \/>\n\t<meta name=\"twitter:data1\" content=\"3 minuti\" \/>\n<script type=\"application\/ld+json\" class=\"yoast-schema-graph\">{\"@context\":\"https:\/\/schema.org\",\"@graph\":[{\"@type\":\"WebPage\",\"@id\":\"https:\/\/www.tennispassionzone.com\/it\/redazione\/\",\"url\":\"https:\/\/www.tennispassionzone.com\/it\/redazione\/\",\"name\":\"Redazione Tennis Passion Zone - Tennis Passion Zone\",\"isPartOf\":{\"@id\":\"https:\/\/www.tennispassionzone.com\/it\/#website\"},\"datePublished\":\"2025-02-27T11:21:46+00:00\",\"dateModified\":\"2026-03-25T10:05:42+00:00\",\"breadcrumb\":{\"@id\":\"https:\/\/www.tennispassionzone.com\/it\/redazione\/#breadcrumb\"},\"inLanguage\":\"it-IT\",\"potentialAction\":[{\"@type\":\"ReadAction\",\"target\":[\"https:\/\/www.tennispassionzone.com\/it\/redazione\/\"]}]},{\"@type\":\"BreadcrumbList\",\"@id\":\"https:\/\/www.tennispassionzone.com\/it\/redazione\/#breadcrumb\",\"itemListElement\":[{\"@type\":\"ListItem\",\"position\":1,\"name\":\"Home\",\"item\":\"https:\/\/www.tennispassionzone.com\/it\/\"},{\"@type\":\"ListItem\",\"position\":2,\"name\":\"Redazione Tennis Passion Zone\"}]},{\"@type\":\"WebSite\",\"@id\":\"https:\/\/www.tennispassionzone.com\/it\/#website\",\"url\":\"https:\/\/www.tennispassionzone.com\/it\/\",\"name\":\"Tennis Passion Zone\",\"description\":\"\",\"publisher\":{\"@id\":\"https:\/\/www.tennispassionzone.com\/it\/#organization\"},\"potentialAction\":[{\"@type\":\"SearchAction\",\"target\":{\"@type\":\"EntryPoint\",\"urlTemplate\":\"https:\/\/www.tennispassionzone.com\/it\/?s={search_term_string}\"},\"query-input\":{\"@type\":\"PropertyValueSpecification\",\"valueRequired\":true,\"valueName\":\"search_term_string\"}}],\"inLanguage\":\"it-IT\"},{\"@type\":\"Organization\",\"@id\":\"https:\/\/www.tennispassionzone.com\/it\/#organization\",\"name\":\"Tennis Passion Zone\",\"url\":\"https:\/\/www.tennispassionzone.com\/it\/\",\"logo\":{\"@type\":\"ImageObject\",\"inLanguage\":\"it-IT\",\"@id\":\"https:\/\/www.tennispassionzone.com\/it\/#\/schema\/logo\/image\/\",\"url\":\"https:\/\/www.tennispassionzone.com\/wp-content\/uploads\/2025\/12\/Logo_tennis_passion-zone.png?v=1764615384\",\"contentUrl\":\"https:\/\/www.tennispassionzone.com\/wp-content\/uploads\/2025\/12\/Logo_tennis_passion-zone.png?v=1764615384\",\"width\":450,\"height\":225,\"caption\":\"Tennis Passion Zone\"},\"image\":{\"@id\":\"https:\/\/www.tennispassionzone.com\/it\/#\/schema\/logo\/image\/\"}}]}<\/script>\n<!-- \/ Yoast SEO plugin. -->","yoast_head_json":{"title":"Redazione Tennis Passion Zone - Tennis Passion Zone","robots":{"index":"index","follow":"follow","max-snippet":"max-snippet:-1","max-image-preview":"max-image-preview:large","max-video-preview":"max-video-preview:-1"},"canonical":"https:\/\/www.tennispassionzone.com\/it\/redazione\/","og_locale":"it_IT","og_type":"article","og_title":"Redazione Tennis Passion Zone - Tennis Passion Zone","og_description":"Tennis Passion Zone nasce con l&#8217;obiettivo di offrire agli amanti del tennis una fonte di informazione affidabile, aggiornata e completa, capace di coprire lo sport a 360\u00b0 \u2014 dal circuito ATP al WTA, dai Grandi Slam alla Coppa Davis, dai protagonisti del presente alle leggende del passato. Il progetto editoriale si fonda su trasparenza e [&hellip;]","og_url":"https:\/\/www.tennispassionzone.com\/it\/redazione\/","og_site_name":"Tennis Passion Zone","article_modified_time":"2026-03-25T10:05:42+00:00","twitter_card":"summary_large_image","twitter_misc":{"Tempo di lettura stimato":"3 minuti"},"schema":{"@context":"https:\/\/schema.org","@graph":[{"@type":"WebPage","@id":"https:\/\/www.tennispassionzone.com\/it\/redazione\/","url":"https:\/\/www.tennispassionzone.com\/it\/redazione\/","name":"Redazione Tennis Passion Zone - Tennis Passion Zone","isPartOf":{"@id":"https:\/\/www.tennispassionzone.com\/it\/#website"},"datePublished":"2025-02-27T11:21:46+00:00","dateModified":"2026-03-25T10:05:42+00:00","breadcrumb":{"@id":"https:\/\/www.tennispassionzone.com\/it\/redazione\/#breadcrumb"},"inLanguage":"it-IT","potentialAction":[{"@type":"ReadAction","target":["https:\/\/www.tennispassionzone.com\/it\/redazione\/"]}]},{"@type":"BreadcrumbList","@id":"https:\/\/www.tennispassionzone.com\/it\/redazione\/#breadcrumb","itemListElement":[{"@type":"ListItem","position":1,"name":"Home","item":"https:\/\/www.tennispassionzone.com\/it\/"},{"@type":"ListItem","position":2,"name":"Redazione Tennis Passion Zone"}]},{"@type":"WebSite","@id":"https:\/\/www.tennispassionzone.com\/it\/#website","url":"https:\/\/www.tennispassionzone.com\/it\/","name":"Tennis Passion Zone","description":"","publisher":{"@id":"https:\/\/www.tennispassionzone.com\/it\/#organization"},"potentialAction":[{"@type":"SearchAction","target":{"@type":"EntryPoint","urlTemplate":"https:\/\/www.tennispassionzone.com\/it\/?s={search_term_string}"},"query-input":{"@type":"PropertyValueSpecification","valueRequired":true,"valueName":"search_term_string"}}],"inLanguage":"it-IT"},{"@type":"Organization","@id":"https:\/\/www.tennispassionzone.com\/it\/#organization","name":"Tennis Passion Zone","url":"https:\/\/www.tennispassionzone.com\/it\/","logo":{"@type":"ImageObject","inLanguage":"it-IT","@id":"https:\/\/www.tennispassionzone.com\/it\/#\/schema\/logo\/image\/","url":"https:\/\/www.tennispassionzone.com\/wp-content\/uploads\/2025\/12\/Logo_tennis_passion-zone.png?v=1764615384","contentUrl":"https:\/\/www.tennispassionzone.com\/wp-content\/uploads\/2025\/12\/Logo_tennis_passion-zone.png?v=1764615384","width":450,"height":225,"caption":"Tennis Passion Zone"},"image":{"@id":"https:\/\/www.tennispassionzone.com\/it\/#\/schema\/logo\/image\/"}}]}},"_links":{"self":[{"href":"https:\/\/www.tennispassionzone.com\/it\/wp-json\/wp\/v2\/pages\/14166","targetHints":{"allow":["GET"]}}],"collection":[{"href":"https:\/\/www.tennispassionzone.com\/it\/wp-json\/wp\/v2\/pages"}],"about":[{"href":"https:\/\/www.tennispassionzone.com\/it\/wp-json\/wp\/v2\/types\/page"}],"author":[{"embeddable":true,"href":"https:\/\/www.tennispassionzone.com\/it\/wp-json\/wp\/v2\/users\/3"}],"replies":[{"embeddable":true,"href":"https:\/\/www.tennispassionzone.com\/it\/wp-json\/wp\/v2\/comments?post=14166"}],"version-history":[{"count":7,"href":"https:\/\/www.tennispassionzone.com\/it\/wp-json\/wp\/v2\/pages\/14166\/revisions"}],"predecessor-version":[{"id":79113,"href":"https:\/\/www.tennispassionzone.com\/it\/wp-json\/wp\/v2\/pages\/14166\/revisions\/79113"}],"wp:attachment":[{"href":"https:\/\/www.tennispassionzone.com\/it\/wp-json\/wp\/v2\/media?parent=14166"}],"curies":[{"name":"wp","href":"https:\/\/api.w.org\/{rel}","templated":true}]}}