{"id":3,"date":"2025-01-09T11:32:09","date_gmt":"2025-01-09T10:32:09","guid":{"rendered":"https:\/\/www.tennispassionzone.com\/?page_id=3"},"modified":"2025-02-20T08:37:59","modified_gmt":"2025-02-20T07:37:59","slug":"privacy-policy","status":"publish","type":"page","link":"https:\/\/www.tennispassionzone.com\/it\/privacy-policy\/","title":{"rendered":"Privacy Policy"},"content":{"rendered":"<p><strong>INFORMATIVA PRIVACY SITO<\/strong><\/p>\n<p>Il Titolare ti fornisce la presente informativa relativa ai trattamenti dei tuoi dati che vengono raccolti mediante siti, app, per l\u2019iscrizione e la registrazione agli stessi nonch\u00e9 ad eventi, iniziative e concorsi, ai sensi e per gli effetti del Regolamento UE 679\/2016 (\u201c<strong>GDPR<\/strong>\u201d).<\/p>\n<p>Conformemente all&#8217;impegno e alla cura che il Titolare dedica alla tutela dei dati personali, ti informiamo sulle modalit\u00e0, finalit\u00e0 e ambito di comunicazione e diffusione dei tuoi dati personali e sui tuoi diritti.<\/p>\n<ol>\n<li><strong>TITOLARE DEL TRATTAMENTO E CONTATTO<\/strong><\/li>\n<\/ol>\n<p><strong><em>Chi \u00e8 il Titolare del trattamento? Come posso contattarlo?<\/em><\/strong><\/p>\n<p><strong><em>\u00a0<\/em><\/strong><\/p>\n<p>Di seguito si indicano i dettagli del Titolare e dei contatti:<\/p>\n<ul>\n<li><strong>RCS Mediagroup S.p.a.<\/strong>, con sede in <strong>Via Angelo Rizzoli, 8 \u2013 20132 Milano<\/strong>, C.F:<strong>12086540155<\/strong> (di seguito, il \u201c<strong>Titolare<\/strong>\u201d), contattabile al seguente indirizzo e-mail: <a href=\"mailto:privacy@rcsdigital.it\">privacy@rcsdigital.it<\/a>.<\/li>\n<\/ul>\n<ol start=\"2\">\n<li><strong>FINALIT\u00c0 E BASI GIURIDICHE DEL TRATTAMENTO<\/strong><\/li>\n<\/ol>\n<p><strong><em>Per quali fini si trattano i dati? Su che base giuridica? Per quanto tempo vengono conservati?<\/em><\/strong><\/p>\n<p><strong><em>\u00a0<\/em><\/strong><\/p>\n<p>Qui di seguito le indichiamo le finalit\u00e0 del trattamento, la base giuridica che legittima il trattamento e il tempo di conservazione dei tuoi dati personali:<\/p>\n<table style=\"height: 1284px;\" width=\"1033\">\n<tbody>\n<tr>\n<td width=\"369\"><strong>FINALIT\u00c0<\/strong><\/td>\n<td width=\"113\"><strong>BASE DI LICEIT\u00c0<\/strong><\/td>\n<td width=\"161\"><strong>TEMPO DI CONSERVAZIONE<\/strong><\/td>\n<\/tr>\n<tr>\n<td width=\"369\">2.1.\u00a0\u00a0\u00a0\u00a0\u00a0\u00a0\u00a0\u00a0\u00a0\u00a0 <strong>Finalit\u00e0 contrattuali<\/strong> \u2013 I dati da te conferiti saranno trattati dal Titolare per concludere un contratto e adempiere agli obblighi contrattuali e precontrattuali. Tra le attivit\u00e0 che rientrano in questa finalit\u00e0 ci sono tutte quelle necessarie a fornirti i servizi richiesti, a farti utilizzare il sito internet, ad adempiere a specifiche richieste, a gestirle e fornire supporto e assistenza.<\/td>\n<td width=\"113\">Esecuzione del contratto e\/o di misure precontrattuali<\/td>\n<td width=\"161\">I dati saranno conservati fino al termine del servizio, al recesso o alla richiesta di cancellazione<\/td>\n<\/tr>\n<tr>\n<td width=\"369\">2.2.\u00a0\u00a0\u00a0\u00a0\u00a0\u00a0\u00a0\u00a0\u00a0\u00a0 <strong>Adempimento ad obblighi di legge<\/strong> \u2013 I dati saranno usati anche per adempiere agli obblighi previsti dalle leggi vigenti, tra cui rientra la tenuta della contabilit\u00e0 aziendale sia a fini civilistici che fiscali, nonch\u00e9 il rispetto degli obblighi diretti alla predisposizione dei documenti di bilancio e delle disposizioni impartite da autorit\u00e0 a ci\u00f2 legittimate dalla legge.<\/td>\n<td width=\"113\">Adempimento ad un obbligo legale<\/td>\n<td width=\"161\">I dati saranno conservati per il periodo di conservazione obbligatoria definito dalle leggi applicabili in materia contabile e\/o fiscale<\/td>\n<\/tr>\n<tr>\n<td width=\"369\">2.3.\u00a0\u00a0\u00a0\u00a0\u00a0\u00a0\u00a0\u00a0\u00a0\u00a0 <strong>Finalit\u00e0 di gestione amministrativa contabile <\/strong>\u2013 I dati saranno usati per svolgere operazioni di natura amministrativa, gestionale, finanziaria, e contabile connesse ad esigenze organizzative interne, anche legate al diritto alla tutela dei diritti in sede giudiziaria.<\/td>\n<td width=\"113\">Legittimo interesse del Titolare di gestire in modo efficace ed efficiente le operazioni interne aziendali<\/td>\n<td width=\"161\">I dati saranno conservati per il periodo di prescrizione dei diritti e per gli eventuali ulteriori periodi di conservazione previsti dalle leggi contabili e fiscali<\/td>\n<\/tr>\n<tr>\n<td width=\"369\">2.4.\u00a0\u00a0\u00a0\u00a0\u00a0\u00a0\u00a0\u00a0\u00a0\u00a0 <strong>Finalit\u00e0 di analisi statistica <\/strong>\u2013 I dati saranno usati per effettuare attivit\u00e0 di analisi statistica ed aggregata, senza che abbiano un effetto sul singolo interessato.<\/td>\n<td width=\"113\">Legittimo interesse di effettuare analisi aggregate per pianificare la strategia aziendale in funzione del mercato di riferimento<\/td>\n<td width=\"161\">I dati personali utilizzati per questa finalit\u00e0 non richiedono una conservazione a s\u00e9 stante ma seguono i periodi di conservazione delle altre finalit\u00e0.<\/td>\n<\/tr>\n<\/tbody>\n<\/table>\n<ol start=\"3\">\n<li><strong>OBBLIGATORIET\u00c0 E CONSEGUENZE DEL CONFERIMENTO<\/strong><\/li>\n<\/ol>\n<p><strong><em>\u00c8 obbligatorio fornire i dati? Cosa succede se non li fornisce?<\/em><\/strong><\/p>\n<p>Il conferimento dei dati per le finalit\u00e0: 2.1, 2.2, 2.3, 2.4 \u00e8 necessario per la conclusione e la gestione del contratto. In assenza parziale o totale di tale conferimento, non si potr\u00e0 dare inizio al rapporto contrattuale e alla sua prosecuzione.<\/p>\n<ol start=\"4\">\n<li><strong>DIFFUSIONE, COMUNICAZIONE E SOGGETTI CHE ACCEDONO AI DATI\u00a0<\/strong><\/li>\n<\/ol>\n<p><strong><em>Chi pu\u00f2 conoscere i suoi dati? A chi li comunichiamo?<\/em><\/strong><\/p>\n<p><strong><em>\u00a0<\/em><\/strong><\/p>\n<p>I suoi dati potranno essere resi noti o comunicati ai seguenti soggetti.<\/p>\n<ul>\n<li><strong>Persone autorizzate <\/strong>\u2013 L\u2019accesso ai dati \u00e8 inoltre consentito agli incaricati autorizzati dal Titolare che devono accedervi per le finalit\u00e0 sopra indicate.<\/li>\n<li><strong>Responsabili <\/strong>\u2013 I tuoi dati personali non saranno diffusi, ma potranno essere comunicati ove necessario per l\u2019erogazione del servizio a soggetti terzi (come fornitori di servizi tecnici terzi, <em>hosting provider<\/em>, societ\u00e0 informatiche o di marketing) nominati Responsabili del Trattamento per i compiti strumentali alla fornitura dei servizi.<\/li>\n<li><strong>Titolari autonomi<\/strong> \u2013 i tuoi dati potrebbero essere condivisi con altri titolari quando richiesto da specifiche norme (es. autorit\u00e0 giudiziaria) o quando hai prestato il consenso (es. soggetti terzi per la \u201cFinalit\u00e0 di marketing diretto da parte di soggetti terzi\u201d) o quando \u00e8 necessario per l\u2019esecuzione dei contratti di cui fai parte o per adempiere a richieste prima della conclusione del contratto (es. istituti bancari per gestire pagamenti, vettori per effettuare le consegne).<\/li>\n<li><strong>Societ\u00e0 facenti parte dello stesso Gruppo aziendale <\/strong>del Titolare all\u2019interno dell\u2019UE (societ\u00e0 controllanti, controllate o collegate, ai sensi dell\u2019art. 2359 del codice civile) che risultano autorizzate a trattarli per finalit\u00e0 amministrative interne.<\/li>\n<\/ul>\n<ol start=\"5\">\n<li><strong>LUOGO DI TRATTAMENTO DEI DATI<\/strong><\/li>\n<\/ol>\n<p><strong><em>I dati sono trasferiti al di fuori dell\u2019UE?<\/em><\/strong><\/p>\n<p>I tuoi dati personali potranno essere trattati dal Titolare anche al di fuori del territorio dell\u2019Unione Europea. Qualora ci\u00f2 accada il trattamento sar\u00e0 regolato in conformit\u00e0 a quanto previsto dal capo V del Regolamento e autorizzato in base a specifiche decisioni dell\u2019Unione Europea.\u00a0 Saranno quindi adottate tutte le cautele necessarie al fine di garantire la pi\u00f9 totale protezione dei dati personali basando tale trasferimento: a) su decisioni di adeguatezza dei paesi terzi destinatari espressi dalla Commissione Europea; b) su garanzie adeguate espresse dal soggetto terzo destinatario ai sensi dell\u2019art. 46 del Regolamento; c) sull\u2019adozione di norme vincolanti d\u2019impresa, cd.\u00a0<em>Binding<\/em> <em>Corporate rules<\/em>.<\/p>\n<ol start=\"6\">\n<li><strong>DIRITTI DELL\u2019INTERESSATO\u00a0<\/strong><\/li>\n<\/ol>\n<p><strong><em>Quali sono i suoi diritti in qualit\u00e0 di interessato?<\/em><\/strong><\/p>\n<p>Il GDPR ti riconosce i seguenti diritti in relazione ai tuoi dati personali che potrai esercitare nei limiti e in conformit\u00e0 a quanto previsto dalla normativa:<\/p>\n<ul>\n<li>Diritto di accesso ai tuoi dati personali (art. 15);<\/li>\n<li>Diritto di rettifica (art. 16);<\/li>\n<li>Diritto di cancellazione (diritto all\u2019oblio) (art. 17);<\/li>\n<li>Diritto di limitazione di trattamento (art. 18);<\/li>\n<li>Diritto alla portabilit\u00e0 dei dati (art. 20);<\/li>\n<li><strong>Diritto di opposizione<\/strong> (art. 21); hai il diritto di opporsi in qualsiasi momento, per motivi connessi alla tua situazione particolare, al trattamento dei dati personali che lo riguardano basato sul legittimo interesse, compresa la profilazione sulla base di esso. Il Titolare si astiene dal trattamento salvo che dimostri l&#8217;esistenza di motivi legittimi cogenti per procedere al trattamento che prevalgono sugli interessi, sui diritti e sulle libert\u00e0 dell&#8217;interessato oppure per l&#8217;accertamento, l&#8217;esercizio o la difesa di un diritto in sede giudiziaria;<\/li>\n<li>Diritto di opporsi a una decisione basata unicamente sul trattamento automatizzato (art. 22);<\/li>\n<li>Diritto di revocare, in qualsiasi momento, il consenso rilasciato, senza pregiudicare la liceit\u00e0 del trattamento basata sul consenso prestato prima della revoca<\/li>\n<\/ul>\n<p>Puoi esercitare questi diritti mediante comunicazione al Titolare o al Responsabile della protezione dei dati (anche detto \u201cData Protection Officer\u201d o \u201cDPO\u201d) i cui recapiti sono indicati nell\u2019apposita sezione di questa informativa.<\/p>\n<p>Inoltre, tu hai sempre il diritto di proporre reclamo all\u2019Autorit\u00e0 Garante per la Protezione dei dati Personali (art. 77 GDPR), contattabile all\u2019indirizzo\u00a0<a href=\"mailto:garante@gpdp.it\">garante@gpdp.it<\/a>\u00a0 o mediante il sito\u00a0<a href=\"http:\/\/www.gpdp.it\">http:\/\/www.gpdp.it<\/a>. o di adire le opportune sedi giudiziarie (art. 79 del GDPR).<\/p>\n<ol start=\"7\">\n<li><strong>RESPONSABILE DELLA PROTEZIONE DEI DATI E CONTATTI<\/strong><\/li>\n<\/ol>\n<p><strong><em>\u00c8 stato nominato un DPO? Come lo contatto?<\/em><\/strong><\/p>\n<p><strong><em>\u00a0<\/em><\/strong><\/p>\n<p>Il Titolare ha individuato un Data Protection Officer e si \u00e8 dotato di un ufficio per la gestione delle richieste inerenti la privacy degli interessati.<\/p>\n<p>Per l\u2019esercizio dei diritti a te garantiti puoi contattare il Titolare ai recapiti sopra indicati o contattare il DPO al seguente recapito: <a href=\"mailto:dpo@rcs.it\">dpo@rcs.it<\/a>.<\/p>\n<ol start=\"8\">\n<li><strong>ULTIMO AGGIORNAMENTO<\/strong><\/li>\n<\/ol>\n<p>Questa Informativa Privacy \u00e8 aggiornata al 18\/02\/2025<\/p>\n","protected":false},"excerpt":{"rendered":"<p>INFORMATIVA PRIVACY SITO Il Titolare ti fornisce la presente informativa relativa ai trattamenti dei tuoi dati che vengono raccolti mediante siti, app, per l\u2019iscrizione e la registrazione agli stessi nonch\u00e9 ad eventi, iniziative e concorsi, ai sensi e per gli effetti del Regolamento UE 679\/2016 (\u201cGDPR\u201d). Conformemente all&#8217;impegno e alla cura che il Titolare dedica [&hellip;]<\/p>\n","protected":false},"author":3,"featured_media":0,"parent":0,"menu_order":0,"comment_status":"closed","ping_status":"open","template":"","meta":{"footnotes":""},"class_list":["post-3","page","type-page","status-publish","hentry"],"acf":[],"yoast_head":"<!-- This site is optimized with the Yoast SEO plugin v26.8 - https:\/\/yoast.com\/product\/yoast-seo-wordpress\/ -->\n<title>Privacy Policy - Tennis Passion Zone<\/title>\n<meta name=\"robots\" content=\"index, follow, max-snippet:-1, max-image-preview:large, max-video-preview:-1\" \/>\n<link rel=\"canonical\" href=\"https:\/\/www.tennispassionzone.com\/it\/privacy-policy\/\" \/>\n<meta property=\"og:locale\" content=\"it_IT\" \/>\n<meta property=\"og:type\" content=\"article\" \/>\n<meta property=\"og:title\" content=\"Privacy Policy - Tennis Passion Zone\" \/>\n<meta property=\"og:description\" content=\"INFORMATIVA PRIVACY SITO Il Titolare ti fornisce la presente informativa relativa ai trattamenti dei tuoi dati che vengono raccolti mediante siti, app, per l\u2019iscrizione e la registrazione agli stessi nonch\u00e9 ad eventi, iniziative e concorsi, ai sensi e per gli effetti del Regolamento UE 679\/2016 (\u201cGDPR\u201d). Conformemente all&#8217;impegno e alla cura che il Titolare dedica [&hellip;]\" \/>\n<meta property=\"og:url\" content=\"https:\/\/www.tennispassionzone.com\/it\/privacy-policy\/\" \/>\n<meta property=\"og:site_name\" content=\"Tennis Passion Zone\" \/>\n<meta property=\"article:modified_time\" content=\"2025-02-20T07:37:59+00:00\" \/>\n<meta name=\"twitter:card\" content=\"summary_large_image\" \/>\n<meta name=\"twitter:label1\" content=\"Tempo di lettura stimato\" \/>\n\t<meta name=\"twitter:data1\" content=\"7 minuti\" \/>\n<script type=\"application\/ld+json\" class=\"yoast-schema-graph\">{\"@context\":\"https:\/\/schema.org\",\"@graph\":[{\"@type\":\"WebPage\",\"@id\":\"https:\/\/www.tennispassionzone.com\/it\/privacy-policy\/\",\"url\":\"https:\/\/www.tennispassionzone.com\/it\/privacy-policy\/\",\"name\":\"Privacy Policy - Tennis Passion Zone\",\"isPartOf\":{\"@id\":\"https:\/\/www.tennispassionzone.com\/it\/#website\"},\"datePublished\":\"2025-01-09T10:32:09+00:00\",\"dateModified\":\"2025-02-20T07:37:59+00:00\",\"breadcrumb\":{\"@id\":\"https:\/\/www.tennispassionzone.com\/it\/privacy-policy\/#breadcrumb\"},\"inLanguage\":\"it-IT\",\"potentialAction\":[{\"@type\":\"ReadAction\",\"target\":[\"https:\/\/www.tennispassionzone.com\/it\/privacy-policy\/\"]}]},{\"@type\":\"BreadcrumbList\",\"@id\":\"https:\/\/www.tennispassionzone.com\/it\/privacy-policy\/#breadcrumb\",\"itemListElement\":[{\"@type\":\"ListItem\",\"position\":1,\"name\":\"Home\",\"item\":\"https:\/\/www.tennispassionzone.com\/it\/\"},{\"@type\":\"ListItem\",\"position\":2,\"name\":\"Privacy Policy\"}]},{\"@type\":\"WebSite\",\"@id\":\"https:\/\/www.tennispassionzone.com\/it\/#website\",\"url\":\"https:\/\/www.tennispassionzone.com\/it\/\",\"name\":\"Tennis Passion Zone\",\"description\":\"\",\"publisher\":{\"@id\":\"https:\/\/www.tennispassionzone.com\/it\/#organization\"},\"potentialAction\":[{\"@type\":\"SearchAction\",\"target\":{\"@type\":\"EntryPoint\",\"urlTemplate\":\"https:\/\/www.tennispassionzone.com\/it\/?s={search_term_string}\"},\"query-input\":{\"@type\":\"PropertyValueSpecification\",\"valueRequired\":true,\"valueName\":\"search_term_string\"}}],\"inLanguage\":\"it-IT\"},{\"@type\":\"Organization\",\"@id\":\"https:\/\/www.tennispassionzone.com\/it\/#organization\",\"name\":\"Tennis Passion Zone\",\"url\":\"https:\/\/www.tennispassionzone.com\/it\/\",\"logo\":{\"@type\":\"ImageObject\",\"inLanguage\":\"it-IT\",\"@id\":\"https:\/\/www.tennispassionzone.com\/it\/#\/schema\/logo\/image\/\",\"url\":\"https:\/\/www.tennispassionzone.com\/wp-content\/uploads\/2025\/12\/Logo_tennis_passion-zone.png?v=1764615384\",\"contentUrl\":\"https:\/\/www.tennispassionzone.com\/wp-content\/uploads\/2025\/12\/Logo_tennis_passion-zone.png?v=1764615384\",\"width\":450,\"height\":225,\"caption\":\"Tennis Passion Zone\"},\"image\":{\"@id\":\"https:\/\/www.tennispassionzone.com\/it\/#\/schema\/logo\/image\/\"}}]}<\/script>\n<!-- \/ Yoast SEO plugin. -->","yoast_head_json":{"title":"Privacy Policy - Tennis Passion Zone","robots":{"index":"index","follow":"follow","max-snippet":"max-snippet:-1","max-image-preview":"max-image-preview:large","max-video-preview":"max-video-preview:-1"},"canonical":"https:\/\/www.tennispassionzone.com\/it\/privacy-policy\/","og_locale":"it_IT","og_type":"article","og_title":"Privacy Policy - Tennis Passion Zone","og_description":"INFORMATIVA PRIVACY SITO Il Titolare ti fornisce la presente informativa relativa ai trattamenti dei tuoi dati che vengono raccolti mediante siti, app, per l\u2019iscrizione e la registrazione agli stessi nonch\u00e9 ad eventi, iniziative e concorsi, ai sensi e per gli effetti del Regolamento UE 679\/2016 (\u201cGDPR\u201d). Conformemente all&#8217;impegno e alla cura che il Titolare dedica [&hellip;]","og_url":"https:\/\/www.tennispassionzone.com\/it\/privacy-policy\/","og_site_name":"Tennis Passion Zone","article_modified_time":"2025-02-20T07:37:59+00:00","twitter_card":"summary_large_image","twitter_misc":{"Tempo di lettura stimato":"7 minuti"},"schema":{"@context":"https:\/\/schema.org","@graph":[{"@type":"WebPage","@id":"https:\/\/www.tennispassionzone.com\/it\/privacy-policy\/","url":"https:\/\/www.tennispassionzone.com\/it\/privacy-policy\/","name":"Privacy Policy - Tennis Passion Zone","isPartOf":{"@id":"https:\/\/www.tennispassionzone.com\/it\/#website"},"datePublished":"2025-01-09T10:32:09+00:00","dateModified":"2025-02-20T07:37:59+00:00","breadcrumb":{"@id":"https:\/\/www.tennispassionzone.com\/it\/privacy-policy\/#breadcrumb"},"inLanguage":"it-IT","potentialAction":[{"@type":"ReadAction","target":["https:\/\/www.tennispassionzone.com\/it\/privacy-policy\/"]}]},{"@type":"BreadcrumbList","@id":"https:\/\/www.tennispassionzone.com\/it\/privacy-policy\/#breadcrumb","itemListElement":[{"@type":"ListItem","position":1,"name":"Home","item":"https:\/\/www.tennispassionzone.com\/it\/"},{"@type":"ListItem","position":2,"name":"Privacy Policy"}]},{"@type":"WebSite","@id":"https:\/\/www.tennispassionzone.com\/it\/#website","url":"https:\/\/www.tennispassionzone.com\/it\/","name":"Tennis Passion Zone","description":"","publisher":{"@id":"https:\/\/www.tennispassionzone.com\/it\/#organization"},"potentialAction":[{"@type":"SearchAction","target":{"@type":"EntryPoint","urlTemplate":"https:\/\/www.tennispassionzone.com\/it\/?s={search_term_string}"},"query-input":{"@type":"PropertyValueSpecification","valueRequired":true,"valueName":"search_term_string"}}],"inLanguage":"it-IT"},{"@type":"Organization","@id":"https:\/\/www.tennispassionzone.com\/it\/#organization","name":"Tennis Passion Zone","url":"https:\/\/www.tennispassionzone.com\/it\/","logo":{"@type":"ImageObject","inLanguage":"it-IT","@id":"https:\/\/www.tennispassionzone.com\/it\/#\/schema\/logo\/image\/","url":"https:\/\/www.tennispassionzone.com\/wp-content\/uploads\/2025\/12\/Logo_tennis_passion-zone.png?v=1764615384","contentUrl":"https:\/\/www.tennispassionzone.com\/wp-content\/uploads\/2025\/12\/Logo_tennis_passion-zone.png?v=1764615384","width":450,"height":225,"caption":"Tennis Passion Zone"},"image":{"@id":"https:\/\/www.tennispassionzone.com\/it\/#\/schema\/logo\/image\/"}}]}},"_links":{"self":[{"href":"https:\/\/www.tennispassionzone.com\/it\/wp-json\/wp\/v2\/pages\/3","targetHints":{"allow":["GET"]}}],"collection":[{"href":"https:\/\/www.tennispassionzone.com\/it\/wp-json\/wp\/v2\/pages"}],"about":[{"href":"https:\/\/www.tennispassionzone.com\/it\/wp-json\/wp\/v2\/types\/page"}],"author":[{"embeddable":true,"href":"https:\/\/www.tennispassionzone.com\/it\/wp-json\/wp\/v2\/users\/3"}],"replies":[{"embeddable":true,"href":"https:\/\/www.tennispassionzone.com\/it\/wp-json\/wp\/v2\/comments?post=3"}],"version-history":[{"count":0,"href":"https:\/\/www.tennispassionzone.com\/it\/wp-json\/wp\/v2\/pages\/3\/revisions"}],"wp:attachment":[{"href":"https:\/\/www.tennispassionzone.com\/it\/wp-json\/wp\/v2\/media?parent=3"}],"curies":[{"name":"wp","href":"https:\/\/api.w.org\/{rel}","templated":true}]}}